{"id":3,"date":"2020-11-25T06:57:12","date_gmt":"2020-11-25T06:57:12","guid":{"rendered":"https:\/\/jotajotapeprojects.com\/?page_id=3"},"modified":"2021-05-24T11:23:49","modified_gmt":"2021-05-24T11:23:49","slug":"privacy-terms-and-conditions","status":"publish","type":"page","link":"https:\/\/jotajotapeprojects.com\/en\/privacy-terms-and-conditions\/","title":{"rendered":"Pol\u00edtica de privacidad"},"content":{"rendered":"\n[et_pb_section fb_built=&#8221;1&#8243; admin_label=&#8221;section&#8221; _builder_version=&#8221;3.22&#8243;][et_pb_row column_structure=&#8221;1_3,2_3&#8243; admin_label=&#8221;row&#8221; _builder_version=&#8221;3.25&#8243; background_size=&#8221;initial&#8221; background_position=&#8221;top_left&#8221; background_repeat=&#8221;repeat&#8221;][et_pb_column type=&#8221;1_3&#8243; _builder_version=&#8221;3.25&#8243; custom_padding=&#8221;|||&#8221; custom_padding__hover=&#8221;|||&#8221;][et_pb_text admin_label=&#8221;Text&#8221; _builder_version=&#8221;4.7.7&#8243; background_size=&#8221;initial&#8221; background_position=&#8221;top_left&#8221; background_repeat=&#8221;repeat&#8221;]<h1>Pol\u00edticas de privacidad<\/h1>[\/et_pb_text][\/et_pb_column][et_pb_column type=&#8221;2_3&#8243; _builder_version=&#8221;3.25&#8243; custom_padding=&#8221;|||&#8221; custom_padding__hover=&#8221;|||&#8221;][et_pb_text _builder_version=&#8221;4.7.7&#8243; _module_preset=&#8221;default&#8221;]<p align=\"justify\"><strong>Policy for protection of data.<\/strong><\/p>\n<p><strong>1.Protection of data<\/strong><\/p>\n<p>Muebles JJP S.A., CIF A43107564 has adopted the terms and levels of security for the protection of personal data according to the organic law 15\/1999 13 the of December, covering Protection of data of personal character and their norms and development. Personal data obtained via the official web jotajotape.com are subject to authorised treatment and included in files belonging to Muebles JJP SA as responsible for said files.<\/p>\n<p>By filling out the form included and sending emails or other types of communications to en.jotajotape.com the client gives full consent to include his personal data en the files referred to, governed by Muebles JJP SA<\/p>\n<p>The client can exercise his rights to access, rectify, cancel or oppose the use of the data according to the organic law 15\/1999 13th of December.<\/p>\n<p><strong>2. Collection of data<\/strong><\/p>\n<p>The collection of personal data is exclusively carried out via the contact form included in the web page of Muebles JJP SA with the only motive of replying to the email request of the clients. This data is stored in the servers of GRUPO SYS4NET, S.L.. (sys4net.com) based in the EU (<a href=\"https:\/\/sys4net.com\/politica-de-privacidad\" target=\"_blank\" rel=\"nofollow noopener\">pol\u00edtica de privacidad<\/a>).<\/p>\n<p>By marking in the space \u00a8I want to receive news\u00a8confirms the clients wishes to receive comercial information about new developments from Muebles JJP SA. The client can at any time cancel his acceptance by sending an email application to jjp@jotajotape.com<\/p>\n<p><strong>3. Transfer of personal information to third party.<\/strong><\/p>\n<p>Muebles JJP SA explicitly confirm that they do not under any form sell, transfer, lease or transmit personal data of its clients \/ web users to third party.<\/p>\n<p><strong>4. Use of cookies<\/strong><\/p>\n<p>Our web en.jotajotape.com uses the technology termed as cookies with the motive of collecting various data from the use of the web site.<\/p>\n<p>By leaving a comment in our web site you can chose to have your name, email address or website stored in cookies. This is for the ease of use of our clients who does not have to repeat filling out his data every time he wants to leave a comment. The information in the cookies are stored for a period of one year.<\/p>\n<p>If you have an account and you connect to our site, a temporal cookie is automatically installed in order to find out if your navigator accepts the use of cookies. This cookie does not contain any personal data and is eliminated when closing the navigator.<\/p>\n<p>When entering our site we also install various cookies that saves your initiate information and your preferred screen visualisation options. The cookies associated with initiate the site are stored for 2 days and the screen option cookies for 1 year. By selecting &#8220;remind me&#8221; your<br \/>initiate cookies are stored for 2 weeks. When leaving your account these cookies are eliminated.<\/p>\n<p>By editing or publicising an article an additional cookie is stored in your navigator. This cookie does not contain personal data. It simply identifies the ID of the acticle you have written or edited. This cookie transpires after 1 day.<\/p>\n<p><a href=\"https:\/\/en.jotajotape.com\/legal\/cookies-policy\/\" target=\"_blank\" rel=\"noopener\">For further information click here.<\/a><\/p>\n<p><strong>5. Content encrusted from other websites<\/strong><\/p>\n<p>On our web site you can find videos encrusted in web portals as youtube and vimeo. These can collect further data for their servers. Please check the Policy for personal data of youtube.com and vimeo.com<\/p>\n<p>For further info please contact : jjp@jotajotape.com.<\/p>[\/et_pb_text][\/et_pb_column][\/et_pb_row][\/et_pb_section]\n","protected":false},"excerpt":{"rendered":"<p>Pol\u00edticas de privacidadPolicy for protection of data. 1.Protection of data Muebles JJP S.A., CIF A43107564 has adopted the terms and levels of security for the protection of personal data according to the organic law 15\/1999 13 the of December, covering Protection of data of personal character and their norms and development. Personal data obtained via [&hellip;]<\/p>\n","protected":false},"author":1,"featured_media":0,"parent":0,"menu_order":1000,"comment_status":"closed","ping_status":"closed","template":"","meta":{"_et_pb_use_builder":"on","_et_pb_old_content":"<!-- wp:heading -->\r\n<h2>Qui\u00e9nes somos<\/h2>\r\n<!-- \/wp:heading -->\r\n\r\n<!-- wp:paragraph -->\r\n<p>La direcci\u00f3n de nuestra web es: https:\/\/jotajotapeprojects.com.<\/p>\r\n<!-- \/wp:paragraph -->\r\n\r\n<!-- wp:heading -->\r\n<h2>Qu\u00e9 datos personales recogemos y por qu\u00e9 los recogemos<\/h2>\r\n<!-- \/wp:heading -->\r\n\r\n<!-- wp:heading {\"level\":3} -->\r\n<h3>Comentarios<\/h3>\r\n<!-- \/wp:heading -->\r\n\r\n<!-- wp:paragraph -->\r\n<p>Cuando los visitantes dejan comentarios en la web, recopilamos los datos que se muestran en el formulario de comentarios, as\u00ed como la direcci\u00f3n IP del visitante y la cadena de agentes de usuario del navegador para ayudar a la detecci\u00f3n de spam.<\/p>\r\n<!-- \/wp:paragraph -->\r\n\r\n<!-- wp:paragraph -->\r\n<p>Una cadena an\u00f3nima creada a partir de tu direcci\u00f3n de correo electr\u00f3nico (tambi\u00e9n llamada hash) puede ser proporcionada al servicio de Gravatar para ver si la est\u00e1s usando. La pol\u00edtica de privacidad del servicio Gravatar est\u00e1 disponible aqu\u00ed: https:\/\/automattic.com\/privacy\/. Despu\u00e9s de la aprobaci\u00f3n de tu comentario, la imagen de tu perfil es visible para el p\u00fablico en el contexto de tu comentario.<\/p>\r\n<!-- \/wp:paragraph -->\r\n\r\n<!-- wp:heading {\"level\":3} -->\r\n<h3>Medios<\/h3>\r\n<!-- \/wp:heading -->\r\n\r\n<!-- wp:paragraph -->\r\n<p>Si subes im\u00e1genes a la web, deber\u00edas evitar subir im\u00e1genes con datos de ubicaci\u00f3n (GPS EXIF) incluidos. Los visitantes de la web pueden descargar y extraer cualquier dato de ubicaci\u00f3n de las im\u00e1genes de la web.<\/p>\r\n<!-- \/wp:paragraph -->\r\n\r\n<!-- wp:heading {\"level\":3} -->\r\n<h3>Formularios de contacto<\/h3>\r\n<!-- \/wp:heading -->\r\n\r\n<!-- wp:heading {\"level\":3} -->\r\n<h3>Cookies<\/h3>\r\n<!-- \/wp:heading -->\r\n\r\n<!-- wp:paragraph -->\r\n<p>Si dejas un comentario en nuestro sitio puedes elegir guardar tu nombre, direcci\u00f3n de correo electr\u00f3nico y web en cookies. Esto es para tu comodidad, para que no tengas que volver a rellenar tus datos cuando dejes otro comentario. Estas cookies tendr\u00e1n una duraci\u00f3n de un a\u00f1o.<\/p>\r\n<!-- \/wp:paragraph -->\r\n\r\n<!-- wp:paragraph -->\r\n<p>Si tienes una cuenta y te conectas a este sitio, instalaremos una cookie temporal para determinar si tu navegador acepta cookies. Esta cookie no contiene datos personales y se elimina al cerrar el navegador.<\/p>\r\n<!-- \/wp:paragraph -->\r\n\r\n<!-- wp:paragraph -->\r\n<p>Cuando accedas, tambi\u00e9n instalaremos varias cookies para guardar tu informaci\u00f3n de acceso y tus opciones de visualizaci\u00f3n de pantalla. Las cookies de acceso duran dos d\u00edas, y las cookies de opciones de pantalla duran un a\u00f1o. Si seleccionas \u00abRecu\u00e9rdarme\u00bb, tu acceso perdurar\u00e1 durante dos semanas. Si sales de tu cuenta, las cookies de acceso se eliminar\u00e1n.<\/p>\r\n<!-- \/wp:paragraph -->\r\n\r\n<!-- wp:paragraph -->\r\n<p>Si editas o publicas un art\u00edculo se guardar\u00e1 una cookie adicional en tu navegador. Esta cookie no incluye datos personales y simplemente indica el ID del art\u00edculo que acabas de editar. Caduca despu\u00e9s de 1 d\u00eda.<\/p>\r\n<!-- \/wp:paragraph -->\r\n\r\n<!-- wp:heading {\"level\":3} -->\r\n<h3>Contenido incrustado de otros sitios web<\/h3>\r\n<!-- \/wp:heading -->\r\n\r\n<!-- wp:paragraph -->\r\n<p>Los art\u00edculos de este sitio pueden incluir contenido incrustado (por ejemplo, v\u00eddeos, im\u00e1genes, art\u00edculos, etc.). El contenido incrustado de otras webs se comporta exactamente de la misma manera que si el visitante hubiera visitado la otra web.<\/p>\r\n<!-- \/wp:paragraph -->\r\n\r\n<!-- wp:paragraph -->\r\n<p>Estas web pueden recopilar datos sobre ti, utilizar cookies, incrustar un seguimiento adicional de terceros, y supervisar tu interacci\u00f3n con ese contenido incrustado, incluido el seguimiento de tu interacci\u00f3n con el contenido incrustado si tienes una cuenta y est\u00e1s conectado a esa web.<\/p>\r\n<!-- \/wp:paragraph -->\r\n\r\n<!-- wp:heading {\"level\":3} -->\r\n<h3>Anal\u00edtica<\/h3>\r\n<!-- \/wp:heading -->\r\n\r\n<!-- wp:heading -->\r\n<h2>Con qui\u00e9n compartimos tus datos<\/h2>\r\n<!-- \/wp:heading -->\r\n\r\n<!-- wp:heading -->\r\n<h2>Cu\u00e1nto tiempo conservamos tus datos<\/h2>\r\n<!-- \/wp:heading -->\r\n\r\n<!-- wp:paragraph -->\r\n<p>Si dejas un comentario, el comentario y sus metadatos se conservan indefinidamente. Esto es para que podamos reconocer y aprobar comentarios sucesivos autom\u00e1ticamente, en lugar de mantenerlos en una cola de moderaci\u00f3n.<\/p>\r\n<!-- \/wp:paragraph -->\r\n\r\n<!-- wp:paragraph -->\r\n<p>De los usuarios que se registran en nuestra web (si los hay), tambi\u00e9n almacenamos la informaci\u00f3n personal que proporcionan en su perfil de usuario. Todos los usuarios pueden ver, editar o eliminar su informaci\u00f3n personal en cualquier momento (excepto que no pueden cambiar su nombre de usuario). Los administradores de la web tambi\u00e9n pueden ver y editar esa informaci\u00f3n.<\/p>\r\n<!-- \/wp:paragraph -->\r\n\r\n<!-- wp:heading -->\r\n<h2>Qu\u00e9 derechos tienes sobre tus datos<\/h2>\r\n<!-- \/wp:heading -->\r\n\r\n<!-- wp:paragraph -->\r\n<p>Si tienes una cuenta o has dejado comentarios en esta web, puedes solicitar recibir un archivo de exportaci\u00f3n de los datos personales que tenemos sobre ti, incluyendo cualquier dato que nos hayas proporcionado. Tambi\u00e9n puedes solicitar que eliminemos cualquier dato personal que tengamos sobre ti. Esto no incluye ning\u00fan dato que estemos obligados a conservar con fines administrativos, legales o de seguridad.<\/p>\r\n<!-- \/wp:paragraph -->\r\n\r\n<!-- wp:heading -->\r\n<h2>D\u00f3nde enviamos tus datos<\/h2>\r\n<!-- \/wp:heading -->\r\n\r\n<!-- wp:paragraph -->\r\n<p>Los comentarios de los visitantes puede que los revise un servicio de detecci\u00f3n autom\u00e1tica de spam.<\/p>\r\n<!-- \/wp:paragraph -->\r\n\r\n<!-- wp:heading -->\r\n<h2>Tu informaci\u00f3n de contacto<\/h2>\r\n<!-- \/wp:heading -->\r\n\r\n<!-- wp:heading -->\r\n<h2>Informaci\u00f3n adicional<\/h2>\r\n<!-- \/wp:heading -->\r\n\r\n<!-- wp:heading {\"level\":3} -->\r\n<h3>C\u00f3mo protegemos tus datos<\/h3>\r\n<!-- \/wp:heading -->\r\n\r\n<!-- wp:heading {\"level\":3} -->\r\n<h3>Qu\u00e9 procedimientos utilizamos contra las brechas de datos<\/h3>\r\n<!-- \/wp:heading -->\r\n\r\n<!-- wp:heading {\"level\":3} -->\r\n<h3>De qu\u00e9 terceros recibimos datos<\/h3>\r\n<!-- \/wp:heading -->\r\n\r\n<!-- wp:heading {\"level\":3} -->\r\n<h3>Qu\u00e9 tipo de toma de decisiones automatizada y\/o perfilado hacemos con los datos del usuario<\/h3>\r\n<!-- \/wp:heading -->\r\n\r\n<!-- wp:heading {\"level\":3} -->\r\n<h3>Requerimientos regulatorios de revelaci\u00f3n de informaci\u00f3n del sector<\/h3>\r\n<!-- \/wp:heading -->","_et_gb_content_width":"","inline_featured_image":false},"acf":[],"yoast_head":"<!-- This site is optimized with the Yoast SEO plugin v19.9 - https:\/\/yoast.com\/wordpress\/plugins\/seo\/ -->\n<title>Privacy Terms and Conditions - jotajotape projects<\/title>\n<meta name=\"robots\" content=\"noindex, nofollow\" \/>\n<meta property=\"og:locale\" content=\"es_ES\" \/>\n<meta property=\"og:type\" content=\"article\" \/>\n<meta property=\"og:title\" content=\"Privacy Terms and Conditions - jotajotape projects\" \/>\n<meta property=\"og:description\" content=\"Pol\u00edticas de privacidadPolicy for protection of data. 1.Protection of data Muebles JJP S.A., CIF A43107564 has adopted the terms and levels of security for the protection of personal data according to the organic law 15\/1999 13 the of December, covering Protection of data of personal character and their norms and development. Personal data obtained via [&hellip;]\" \/>\n<meta property=\"og:url\" content=\"https:\/\/jotajotapeprojects.com\/en\/privacy-terms-and-conditions\/\" \/>\n<meta property=\"og:site_name\" content=\"jotajotape projects\" \/>\n<meta property=\"article:modified_time\" content=\"2021-05-24T11:23:49+00:00\" \/>\n<meta name=\"twitter:card\" content=\"summary_large_image\" \/>\n<meta name=\"twitter:label1\" content=\"Tiempo de lectura\" \/>\n\t<meta name=\"twitter:data1\" content=\"3 minutos\" \/>\n<script type=\"application\/ld+json\" class=\"yoast-schema-graph\">{\"@context\":\"https:\/\/schema.org\",\"@graph\":[{\"@type\":\"WebPage\",\"@id\":\"https:\/\/jotajotapeprojects.com\/en\/privacy-terms-and-conditions\/\",\"url\":\"https:\/\/jotajotapeprojects.com\/en\/privacy-terms-and-conditions\/\",\"name\":\"Privacy Terms and Conditions - jotajotape projects\",\"isPartOf\":{\"@id\":\"https:\/\/jotajotapeprojects.com\/en\/#website\"},\"datePublished\":\"2020-11-25T06:57:12+00:00\",\"dateModified\":\"2021-05-24T11:23:49+00:00\",\"breadcrumb\":{\"@id\":\"https:\/\/jotajotapeprojects.com\/en\/privacy-terms-and-conditions\/#breadcrumb\"},\"inLanguage\":\"es\",\"potentialAction\":[{\"@type\":\"ReadAction\",\"target\":[\"https:\/\/jotajotapeprojects.com\/en\/privacy-terms-and-conditions\/\"]}]},{\"@type\":\"BreadcrumbList\",\"@id\":\"https:\/\/jotajotapeprojects.com\/en\/privacy-terms-and-conditions\/#breadcrumb\",\"itemListElement\":[{\"@type\":\"ListItem\",\"position\":1,\"name\":\"Portada\",\"item\":\"https:\/\/jotajotapeprojects.com\/en\/\"},{\"@type\":\"ListItem\",\"position\":2,\"name\":\"Pol\u00edtica de privacidad\"}]},{\"@type\":\"WebSite\",\"@id\":\"https:\/\/jotajotapeprojects.com\/en\/#website\",\"url\":\"https:\/\/jotajotapeprojects.com\/en\/\",\"name\":\"jotajotape projects\",\"description\":\"Endless Space Solutions for Interior Design Professionals\",\"potentialAction\":[{\"@type\":\"SearchAction\",\"target\":{\"@type\":\"EntryPoint\",\"urlTemplate\":\"https:\/\/jotajotapeprojects.com\/en\/?s={search_term_string}\"},\"query-input\":\"required name=search_term_string\"}],\"inLanguage\":\"es\"}]}<\/script>\n<!-- \/ Yoast SEO plugin. -->","yoast_head_json":{"title":"Privacy Terms and Conditions - jotajotape projects","robots":{"index":"noindex","follow":"nofollow"},"og_locale":"es_ES","og_type":"article","og_title":"Privacy Terms and Conditions - jotajotape projects","og_description":"Pol\u00edticas de privacidadPolicy for protection of data. 1.Protection of data Muebles JJP S.A., CIF A43107564 has adopted the terms and levels of security for the protection of personal data according to the organic law 15\/1999 13 the of December, covering Protection of data of personal character and their norms and development. Personal data obtained via [&hellip;]","og_url":"https:\/\/jotajotapeprojects.com\/en\/privacy-terms-and-conditions\/","og_site_name":"jotajotape projects","article_modified_time":"2021-05-24T11:23:49+00:00","twitter_card":"summary_large_image","twitter_misc":{"Tiempo de lectura":"3 minutos"},"schema":{"@context":"https:\/\/schema.org","@graph":[{"@type":"WebPage","@id":"https:\/\/jotajotapeprojects.com\/en\/privacy-terms-and-conditions\/","url":"https:\/\/jotajotapeprojects.com\/en\/privacy-terms-and-conditions\/","name":"Privacy Terms and Conditions - jotajotape projects","isPartOf":{"@id":"https:\/\/jotajotapeprojects.com\/en\/#website"},"datePublished":"2020-11-25T06:57:12+00:00","dateModified":"2021-05-24T11:23:49+00:00","breadcrumb":{"@id":"https:\/\/jotajotapeprojects.com\/en\/privacy-terms-and-conditions\/#breadcrumb"},"inLanguage":"es","potentialAction":[{"@type":"ReadAction","target":["https:\/\/jotajotapeprojects.com\/en\/privacy-terms-and-conditions\/"]}]},{"@type":"BreadcrumbList","@id":"https:\/\/jotajotapeprojects.com\/en\/privacy-terms-and-conditions\/#breadcrumb","itemListElement":[{"@type":"ListItem","position":1,"name":"Portada","item":"https:\/\/jotajotapeprojects.com\/en\/"},{"@type":"ListItem","position":2,"name":"Pol\u00edtica de privacidad"}]},{"@type":"WebSite","@id":"https:\/\/jotajotapeprojects.com\/en\/#website","url":"https:\/\/jotajotapeprojects.com\/en\/","name":"jotajotape projects","description":"Endless Space Solutions for Interior Design Professionals","potentialAction":[{"@type":"SearchAction","target":{"@type":"EntryPoint","urlTemplate":"https:\/\/jotajotapeprojects.com\/en\/?s={search_term_string}"},"query-input":"required name=search_term_string"}],"inLanguage":"es"}]}},"_links":{"self":[{"href":"https:\/\/jotajotapeprojects.com\/en\/wp-json\/wp\/v2\/pages\/3"}],"collection":[{"href":"https:\/\/jotajotapeprojects.com\/en\/wp-json\/wp\/v2\/pages"}],"about":[{"href":"https:\/\/jotajotapeprojects.com\/en\/wp-json\/wp\/v2\/types\/page"}],"author":[{"embeddable":true,"href":"https:\/\/jotajotapeprojects.com\/en\/wp-json\/wp\/v2\/users\/1"}],"replies":[{"embeddable":true,"href":"https:\/\/jotajotapeprojects.com\/en\/wp-json\/wp\/v2\/comments?post=3"}],"version-history":[{"count":9,"href":"https:\/\/jotajotapeprojects.com\/en\/wp-json\/wp\/v2\/pages\/3\/revisions"}],"predecessor-version":[{"id":225040,"href":"https:\/\/jotajotapeprojects.com\/en\/wp-json\/wp\/v2\/pages\/3\/revisions\/225040"}],"wp:attachment":[{"href":"https:\/\/jotajotapeprojects.com\/en\/wp-json\/wp\/v2\/media?parent=3"}],"curies":[{"name":"wp","href":"https:\/\/api.w.org\/{rel}","templated":true}]}}