{"id":47,"date":"2020-11-25T09:02:52","date_gmt":"2020-11-25T09:02:52","guid":{"rendered":"https:\/\/jotajotapeprojects.com\/?page_id=47"},"modified":"2021-01-27T10:51:14","modified_gmt":"2021-01-27T10:51:14","slug":"cookies","status":"publish","type":"page","link":"https:\/\/jotajotapeprojects.com\/en\/cookies\/","title":{"rendered":"Cookies"},"content":{"rendered":"<p>[et_pb_section fb_built=&#8221;1&#8243; _builder_version=&#8221;4.7.3&#8243; _module_preset=&#8221;default&#8221;][et_pb_row column_structure=&#8221;1_3,2_3&#8243; _builder_version=&#8221;4.7.7&#8243; _module_preset=&#8221;default&#8221;][et_pb_column type=&#8221;1_3&#8243; _builder_version=&#8221;4.7.3&#8243; _module_preset=&#8221;default&#8221;][et_pb_text _builder_version=&#8221;4.7.7&#8243; _module_preset=&#8221;default&#8221;]<\/p>\n<h1>Cookies<\/h1>\n<p>[\/et_pb_text][\/et_pb_column][et_pb_column type=&#8221;2_3&#8243; _builder_version=&#8221;4.7.3&#8243; _module_preset=&#8221;default&#8221;][et_pb_text _builder_version=&#8221;4.7.7&#8243; _module_preset=&#8221;default&#8221;]<\/p>\n<p>Le agradecemos que haya decidido visitarnos. Queremos que su experiencia en el sitio sea lo mejor posible, y por ese motivo hemos escrito esta Pol\u00edtica de Cookies de la forma m\u00e1s transparente posible.<\/p>\n<h3><strong>\u00bfQU\u00c9 ES UNA COOKIE?<\/strong><\/h3>\n<p>Las cookies son archivos que contienen peque\u00f1as cantidades de informaci\u00f3n que se descargan en el dispositivo del usuario que se utiliza cuando visitas un sitio web. Su finalidad principal es reconocer al usuario cada vez que accede a jotajotapeprojects.com nos permite, adem\u00e1s, mejorar la calidad y la usabilidad de nuestra web.<\/p>\n<p>Las cookies son esenciales para el funcionamiento de Internet; no pueden da\u00f1ar el equipo\/dispositivo del usuario y, si se encuentran activadas en la configuraci\u00f3n de tu navegador, nos ayudan a identificar y resolver posibles errores de funcionamiento de nuestro website jotajotapeprojects.com.<\/p>\n<h3><strong>TIPOS DE COOKIES.<\/strong><\/h3>\n<p>Hay diferentes tipos de cookies. Todos ellos trabajan de la misma manera, pero tienen peque\u00f1as diferencias:<\/p>\n<ol>\n<li><strong>Cookies de Sesi\u00f3n:<\/strong> Las cookies de sesi\u00f3n duran solamente por la duraci\u00f3n de su visita y se borran cuando cierra el navegador. Su finalidad principal es identificar el tipo de dispositivo, apoyar la seguridad sitio web o su funcionalidad b\u00e1sica. No contienen informaci\u00f3n personal que nos permita identificar a una persona.<\/li>\n<\/ol>\n<ol start=\"2\">\n<li><strong>Cookies Persistentes o Permanentes:<\/strong> Se almacenan en el disco duro del dispositivo y nuestra web las lee cada vez que se realiza una nueva visita a jotajotapeprojects.com, posee una fecha de caducidad o expiraci\u00f3n determinada, cumplida la cual la cookie deja de funcionar. Nos permiten identificar sus acciones y preferencias; analizar las visitas y nos ayudan a comprender c\u00f3mo llegan los usuarios a nuestra p\u00e1gina y mejorar nuestros servicios.<\/li>\n<\/ol>\n<ol start=\"3\">\n<li><strong>Cookies de\u00a0 Funcionalidad<\/strong>: Permiten a jotajotapeprojects.com recordar decisiones adoptadas por el usuario, como su login o identificador.<\/li>\n<\/ol>\n<p>La informaci\u00f3n de estas cookies recogen se anonimiza (es decir, no contiene ni su nombre, direcci\u00f3n, u otros datos).<\/p>\n<ol start=\"4\">\n<li><strong>Cookies de Terceros:<\/strong> Las cookies de terceros son las cookies que instala un sitio web que no es el que est\u00e1 visitando; por ejemplo, las usadas por redes sociales (como Facebook) o por complementos externos de contenido (como Google Maps). Adem\u00e1s, algunas empresas de publicidad usan este tipo de archivos para realizar un seguimiento de sus visitas en cada sitio en el que se anuncian.<\/li>\n<\/ol>\n<ol start=\"5\">\n<li><strong>Cookies Anal\u00edticas<\/strong>: Son cookies que tienen por finalidad el mantenimiento peri\u00f3dico y garantizar el mejor funcionamiento y servicio al usuario; recopilando datos de su actividad.<\/li>\n<\/ol>\n<h3><strong>USO DE COOKIES POR PARTE DE jotajotapeprojects.com<\/strong><\/h3>\n<p>Mediante el acceso a jotajotapeprojects.com el usuario acepta de manera expresa que podamos usar este tipo de cookies en sus dispositivos. Si se desactivan las cookies, puede que su navegaci\u00f3n por jotajotapeprojects.com\u00a0no sea \u00f3ptima y algunas de las utilidades que dispone no funcionen correctamente.<\/p>\n<ol>\n<li><strong>a) Cookies propias.<\/strong><\/li>\n<\/ol>\n<p>Con el fin de reconocerle y prestarle un mejor servicio, nuestro sitio utiliza cookies (peque\u00f1os archivos de texto que su navegador almacena) propias. Las ventajas que conlleva la aceptaci\u00f3n de nuestras cookies se traduce en un ahorro de tiempo. Asimismo pueden ser utilizadas tambi\u00e9n para reconocerle entre visitas sucesivas y as\u00ed adaptar el contenido que se le muestra, para obtener informaci\u00f3n acerca de la fecha y hora de tu \u00faltima visita, medir algunos par\u00e1metros de tr\u00e1fico dentro del propio sitio, y estimar el n\u00famero de visitas realizadas, de manera que podamos enfocar y ajustar los servicios y promociones de forma m\u00e1s efectiva.<\/p>\n<p>Ninguna cookie permite que pueda contactarse con su n\u00famero de tel\u00e9fono, su direcci\u00f3n de correo electr\u00f3nico o con cualquier otro medio de contacto. Ninguna cookie puede extraer informaci\u00f3n de su disco duro o robar informaci\u00f3n personal.<\/p>\n<div class=\"table-2\">\n<table width=\"100%\">\n<thead>\n<tr>\n<th align=\"left\">Cookies<\/th>\n<th align=\"left\">Finalidad<\/th>\n<th align=\"left\">Caducidad<\/th>\n<\/tr>\n<\/thead>\n<tbody>\n<tr>\n<td align=\"left\">PHPSESSID<\/td>\n<td align=\"left\">La primera vez que un usuario accede a una aplicaci\u00f3n PHP con sesi\u00f3n habilitada se crea esta cookie.<\/td>\n<td align=\"left\"><\/td>\n<\/tr>\n<tr>\n<td align=\"left\"><\/td>\n<td align=\"left\"><\/td>\n<td align=\"left\"><\/td>\n<\/tr>\n<tr>\n<td align=\"left\">cookieconsent_status<\/td>\n<td align=\"left\">Cookies de uso interno necesaria para el funcionamiento de la visualizaci\u00f3n de la pol\u00edtica de cookies de la web.<\/td>\n<td align=\"left\">1 mes<\/td>\n<\/tr>\n<tr>\n<td align=\"left\">wordpress_test_cookie<\/td>\n<td align=\"left\">Esta cookie se usa para que el gestor de contenidos de WordPress compruebe si el navegador tiene las cookies activadas.<\/td>\n<td align=\"left\"><\/td>\n<\/tr>\n<tr>\n<td align=\"left\">wp-settings-1<\/td>\n<td align=\"left\">Estas cookies son utilizadas por WordPress para personalizar la Interfaz de Usuario.<\/td>\n<td align=\"left\"><\/td>\n<\/tr>\n<tr>\n<td align=\"left\">wp-settings-time-1<\/td>\n<td align=\"left\">Estas cookies son utilizadas por WordPress para personalizar la Interfaz de Usuario.<\/td>\n<td align=\"left\"><\/td>\n<\/tr>\n<tr>\n<td align=\"left\"><\/td>\n<td align=\"left\"><\/td>\n<td align=\"left\"><\/td>\n<\/tr>\n<\/tbody>\n<\/table>\n<\/div>\n<div class=\"table-2\"><\/div>\n<div class=\"table-2\">\n<h3><strong>CONFIGURACI\u00d3N DEL USUARIO PARA EVITAR COOKIES.<\/strong><\/h3>\n<p>Desde jotajotapeprojects.com y en cumplimiento de la normativa legal vigente, ponemos a su disposici\u00f3n la informaci\u00f3n que le permita configurar su navegador\/navegadores de Internet para mantener su privacidad y seguridad en relaci\u00f3n a las cookies. Por ello, le facilitamos la informaci\u00f3n y enlaces a los sitos de soporte oficiales de los principales navegadores para que pueda decidir si desea o no aceptar el uso de cookies.<\/p>\n<p>Aceptaci\u00f3n o no aceptaci\u00f3n mediante aviso en\u00a0jotajotapeprojects.com\u00a0con las siguientes opciones:<\/p>\n<p><strong>ESENCIALES Y ANOMINAS: <\/strong>Se establecer\u00e1n las cookies estrictamente necerias para el correcto funcinamiento de nuestro website y las cookies de google analyticos pero de forma an\u00f3nima, tu ip no sera guardada. Con esta opci\u00f3n no se visualizar\u00e1n los videos de redes como youtube y vimeo ni documentos insertados de otros portales.<\/p>\n<p><strong>ACEPTO TODAS:<\/strong> Se guardar\u00e1n todas las cookies tanto propias como de terceros. Las cookies de google analytics no ser\u00e1n an\u00f3nimas.<\/p>\n<p>Tambi\u00e9n puede bloquear las cookies a trav\u00e9s de las herramientas de configuraci\u00f3n del navegador o bien puede configurar su navegador para que le avise cuando un servidor quiera guardar una cookie:<\/p>\n<p>Si utiliza Microsoft Internet Explorer, en la opci\u00f3n de men\u00fa Herramientas &gt; Opciones de Internet &gt; Privacidad &gt; Configuraci\u00f3n. Para saber m\u00e1s visita:<\/p>\n<p><a href=\"https:\/\/windows.microsoft.com\/es-es\/windows-vista\/block-or-allow-cookies\" target=\"_blank\" rel=\"noopener\">https:\/\/windows.microsoft.com\/es-es\/windows-vista\/block-or-allow-cookies<\/a>\u00a0y\u00a0<a href=\"https:\/\/windows.microsoft.com\/es-es\/windows7\/how-to-manage-cookies-in-internet-explorer-9\" target=\"_blank\" rel=\"noopener\">https:\/\/windows.microsoft.com\/es-es\/windows7\/how-to-manage-cookies-in-internet-explorer-9<\/a><\/p>\n<p>Si utiliza Firefox, en la opci\u00f3n de men\u00fa Herramientas &gt; Opciones &gt; Privacidad &gt; Cookies. Para saber m\u00e1s visita:<\/p>\n<p><a href=\"https:\/\/support.mozilla.org\/es\/kb\/habilitar-y-deshabilitar-cookies-que-los-sitios-we\" target=\"_blank\" rel=\"noopener\">https:\/\/support.mozilla.org\/es\/kb\/habilitar-y-deshabilitar-cookies-que-los-sitios-we<\/a><\/p>\n<p>Si utiliza Chrome, en la secci\u00f3n de Opciones &gt; Opciones avanzadas &gt; Privacidad. Para saber m\u00e1s visita:<\/p>\n<p><a href=\"https:\/\/support.google.com\/chrome\/bin\/answer.py?hl=es&amp;answer=95647\" target=\"_blank\" rel=\"noopener\">https:\/\/support.google.com\/chrome\/bin\/answer.py?hl=es&amp;answer=95647<\/a><\/p>\n<p>Si utiliza Opera, en la opci\u00f3n de Seguridad y Privacidad, podr\u00e1 configurar el navegador. Para saber m\u00e1s visita:<\/p>\n<p><a href=\"https:\/\/www.opera.com\/help\/tutorials\/security\/cookies\/\" target=\"_blank\" rel=\"noopener\">https:\/\/www.opera.com\/help\/tutorials\/security\/cookies\/<\/a><\/p>\n<\/div>\n[\/et_pb_text][\/et_pb_column][\/et_pb_row][\/et_pb_section]<\/p>\n","protected":false},"excerpt":{"rendered":"<p>Cookies<\/p>\n<p>Le agradecemos que haya decidido visitarnos. Queremos que su experiencia en el sitio sea lo mejor posible, y por ese motivo hemos escrito esta Pol\u00edtica de Cookies de la forma m\u00e1s transparente posible.<\/p>\n<h3><strong>\u00bfQU\u00c9 ES UNA COOKIE?<\/strong><\/h3>\n<p>Las cookies son archivos que contienen peque\u00f1as cantidades de informaci\u00f3n que se descargan en el dispositivo del usuario que se utiliza cuando visitas un sitio web. Su finalidad principal es reconocer al usuario cada vez que accede a jotajotapeprojects.com nos permite, adem\u00e1s, mejorar la calidad y la usabilidad de nuestra web.<\/p>\n<p>Las cookies son esenciales para el funcionamiento de Internet; no pueden da\u00f1ar el equipo\/dispositivo del usuario y, si se encuentran activadas en la configuraci\u00f3n de tu navegador, nos ayudan a identificar y resolver posibles errores de funcionamiento de nuestro website jotajotapeprojects.com.<\/p>\n<h3><strong>TIPOS DE COOKIES.<\/strong><\/h3>\n<p>Hay diferentes tipos de cookies. Todos ellos trabajan de la misma manera, pero tienen peque\u00f1as diferencias:<\/p>\n<ol>\n<li><strong>Cookies de Sesi\u00f3n:<\/strong> Las cookies de sesi\u00f3n duran solamente por la duraci\u00f3n de su visita y se borran cuando cierra el navegador. Su finalidad principal es identificar el tipo de dispositivo, apoyar la seguridad sitio web o su funcionalidad b\u00e1sica. No contienen informaci\u00f3n personal que nos permita identificar a una persona.<\/li>\n<\/ol>\n<ol start=\"2\">\n<li><strong>Cookies Persistentes o Permanentes:<\/strong> Se almacenan en el disco duro del dispositivo y nuestra web las lee cada vez que se realiza una nueva visita a jotajotapeprojects.com, posee una fecha de caducidad o expiraci\u00f3n determinada, cumplida la cual la cookie deja de funcionar. Nos permiten identificar sus acciones y preferencias; analizar las visitas y nos ayudan a comprender c\u00f3mo llegan los usuarios a nuestra p\u00e1gina y mejorar nuestros servicios.<\/li>\n<\/ol>\n<ol start=\"3\">\n<li><strong>Cookies de\u00a0 Funcionalidad<\/strong>: Permiten a jotajotapeprojects.com recordar decisiones adoptadas por el usuario, como su login o identificador.<\/li>\n<\/ol>\n<p>La informaci\u00f3n de estas cookies recogen se anonimiza (es decir, no contiene ni su nombre, direcci\u00f3n, u otros datos).<\/p>\n<ol start=\"4\">\n<li><strong>Cookies de Terceros:<\/strong> Las cookies de terceros son las cookies que instala un sitio web que no es el que est\u00e1 visitando; por ejemplo, las usadas por redes sociales (como Facebook) o por complementos externos de contenido (como Google Maps). Adem\u00e1s, algunas empresas de publicidad usan este tipo de archivos para realizar un seguimiento de sus visitas en cada sitio en el que se anuncian.<\/li>\n<\/ol>\n<ol start=\"5\">\n<li><strong>Cookies Anal\u00edticas<\/strong>: Son cookies que tienen por finalidad el mantenimiento peri\u00f3dico y garantizar el mejor funcionamiento y servicio al usuario; recopilando datos de su actividad.<\/li>\n<\/ol>\n<h3><strong>USO DE COOKIES POR PARTE DE jotajotapeprojects.com<\/strong><\/h3>\n<p>Mediante el acceso a jotajotapeprojects.com el usuario acepta de manera expresa que podamos usar este tipo de cookies en sus dispositivos. Si se desactivan las cookies, puede que su navegaci\u00f3n por jotajotapeprojects.com\u00a0no sea \u00f3ptima y algunas de las utilidades que dispone no funcionen correctamente.<\/p>\n<ol>\n<li><strong>a) Cookies propias.<\/strong><\/li>\n<\/ol>\n<p>Con el fin de reconocerle y prestarle un mejor servicio, nuestro sitio utiliza cookies (peque\u00f1os archivos de texto que su navegador almacena) propias. Las ventajas que conlleva la aceptaci\u00f3n de nuestras cookies se traduce en un ahorro de tiempo. Asimismo pueden ser utilizadas tambi\u00e9n para reconocerle entre visitas sucesivas y as\u00ed adaptar el contenido que se le muestra, para obtener informaci\u00f3n acerca de la fecha y hora de tu \u00faltima visita, medir algunos par\u00e1metros de tr\u00e1fico dentro del propio sitio, y estimar el n\u00famero de visitas realizadas, de manera que podamos enfocar y ajustar los servicios y promociones de forma m\u00e1s efectiva.<\/p>\n<p>Ninguna cookie permite que pueda contactarse con su n\u00famero de tel\u00e9fono, su direcci\u00f3n de correo electr\u00f3nico o con cualquier otro medio de contacto. Ninguna cookie puede extraer informaci\u00f3n de su disco duro o robar informaci\u00f3n personal.<\/p>\n<div class=\"table-2\">\n<table width=\"100%\">\n<thead>\n<tr>\n<th align=\"left\">Cookies<\/th>\n<th align=\"left\">Finalidad<\/th>\n<th align=\"left\">Caducidad<\/th>\n<\/tr>\n<\/thead>\n<tbody>\n<tr>\n<td align=\"left\">PHPSESSID<\/td>\n<td align=\"left\">La primera vez que un usuario accede a una aplicaci\u00f3n PHP con sesi\u00f3n habilitada se crea esta cookie.<\/td>\n<td align=\"left\"><\/td>\n<\/tr>\n<tr>\n<td align=\"left\"><\/td>\n<td align=\"left\"><\/td>\n<td align=\"left\"><\/td>\n<\/tr>\n<tr>\n<td align=\"left\">cookieconsent_status<\/td>\n<td align=\"left\">Cookies de uso interno necesaria para el funcionamiento de la visualizaci\u00f3n de la pol\u00edtica de cookies de la web.<\/td>\n<td align=\"left\">1 mes<\/td>\n<\/tr>\n<tr>\n<td align=\"left\">wordpress_test_cookie<\/td>\n<td align=\"left\">Esta cookie se usa para que el gestor de contenidos de WordPress compruebe si el navegador tiene las cookies activadas.<\/td>\n<td align=\"left\"><\/td>\n<\/tr>\n<tr>\n<td align=\"left\">wp-settings-1<\/td>\n<td align=\"left\">Estas cookies son utilizadas por WordPress para personalizar la Interfaz de Usuario.<\/td>\n<td align=\"left\"><\/td>\n<\/tr>\n<tr>\n<td align=\"left\">wp-settings-time-1<\/td>\n<td align=\"left\">Estas cookies son utilizadas por WordPress para personalizar la Interfaz de Usuario.<\/td>\n<td align=\"left\"><\/td>\n<\/tr>\n<tr>\n<td align=\"left\"><\/td>\n<td align=\"left\"><\/td>\n<td align=\"left\"><\/td>\n<\/tr>\n<\/tbody>\n<\/table>\n<\/div>\n<div class=\"table-2\"><\/div>\n<div class=\"table-2\">\n<h3><strong>CONFIGURACI\u00d3N DEL USUARIO PARA EVITAR COOKIES.<\/strong><\/h3>\n<p>Desde jotajotapeprojects.com y en cumplimiento de la normativa legal vigente, ponemos a su disposici\u00f3n la informaci\u00f3n que le permita configurar su navegador\/navegadores de Internet para mantener su privacidad y seguridad en relaci\u00f3n a las cookies. Por ello, le facilitamos la informaci\u00f3n y enlaces a los sitos de soporte oficiales de los principales navegadores para que pueda decidir si desea o no aceptar el uso de cookies.<\/p>\n<p>Aceptaci\u00f3n o no aceptaci\u00f3n mediante aviso en\u00a0jotajotapeprojects.com\u00a0con las siguientes opciones:<\/p>\n<p><strong>ESENCIALES Y ANOMINAS: <\/strong>Se establecer\u00e1n las cookies estrictamente necerias para el correcto funcinamiento de nuestro website y las cookies de google analyticos pero de forma an\u00f3nima, tu ip no sera guardada. Con esta opci\u00f3n no se visualizar\u00e1n los videos de redes como youtube y vimeo ni documentos insertados de otros portales.<\/p>\n<p><strong>ACEPTO TODAS:<\/strong> Se guardar\u00e1n todas las cookies tanto propias como de terceros. Las cookies de google analytics no ser\u00e1n an\u00f3nimas.<\/p>\n<p>Tambi\u00e9n puede bloquear las cookies a trav\u00e9s de las herramientas de configuraci\u00f3n del navegador o bien puede configurar su navegador para que le avise cuando un servidor quiera guardar una cookie:<\/p>\n<p>Si utiliza Microsoft Internet Explorer, en la opci\u00f3n de men\u00fa Herramientas &gt; Opciones de Internet &gt; Privacidad &gt; Configuraci\u00f3n. Para saber m\u00e1s visita:<\/p>\n<p><a href=\"https:\/\/windows.microsoft.com\/es-es\/windows-vista\/block-or-allow-cookies\" target=\"_blank\" rel=\"noopener\">https:\/\/windows.microsoft.com\/es-es\/windows-vista\/block-or-allow-cookies<\/a>\u00a0y\u00a0<a href=\"https:\/\/windows.microsoft.com\/es-es\/windows7\/how-to-manage-cookies-in-internet-explorer-9\" target=\"_blank\" rel=\"noopener\">https:\/\/windows.microsoft.com\/es-es\/windows7\/how-to-manage-cookies-in-internet-explorer-9<\/a><\/p>\n<p>Si utiliza Firefox, en la opci\u00f3n de men\u00fa Herramientas &gt; Opciones &gt; Privacidad &gt; Cookies. Para saber m\u00e1s visita:<\/p>\n<p><a href=\"https:\/\/support.mozilla.org\/es\/kb\/habilitar-y-deshabilitar-cookies-que-los-sitios-we\" target=\"_blank\" rel=\"noopener\">https:\/\/support.mozilla.org\/es\/kb\/habilitar-y-deshabilitar-cookies-que-los-sitios-we<\/a><\/p>\n<p>Si utiliza Chrome, en la secci\u00f3n de Opciones &gt; Opciones avanzadas &gt; Privacidad. Para saber m\u00e1s visita:<\/p>\n<p><a href=\"https:\/\/support.google.com\/chrome\/bin\/answer.py?hl=es&amp;answer=95647\" target=\"_blank\" rel=\"noopener\">https:\/\/support.google.com\/chrome\/bin\/answer.py?hl=es&amp;answer=95647<\/a><\/p>\n<p>Si utiliza Opera, en la opci\u00f3n de Seguridad y Privacidad, podr\u00e1 configurar el navegador. Para saber m\u00e1s visita:<\/p>\n<p><a href=\"https:\/\/www.opera.com\/help\/tutorials\/security\/cookies\/\" target=\"_blank\" rel=\"noopener\">https:\/\/www.opera.com\/help\/tutorials\/security\/cookies\/<\/a><\/p>\n<\/div>\n<\/p>\n","protected":false},"author":1,"featured_media":0,"parent":0,"menu_order":1000,"comment_status":"closed","ping_status":"closed","template":"","meta":{"_et_pb_use_builder":"on","_et_pb_old_content":"","_et_gb_content_width":"","inline_featured_image":false},"acf":[],"yoast_head":"<!-- This site is optimized with the Yoast SEO plugin v19.9 - https:\/\/yoast.com\/wordpress\/plugins\/seo\/ -->\n<title>Cookies - jotajotape projects<\/title>\n<meta name=\"robots\" content=\"noindex, nofollow\" \/>\n<meta property=\"og:locale\" content=\"es_ES\" \/>\n<meta property=\"og:type\" content=\"article\" \/>\n<meta property=\"og:title\" content=\"Cookies - jotajotape projects\" \/>\n<meta property=\"og:description\" content=\"Cookies\" \/>\n<meta property=\"og:url\" content=\"https:\/\/jotajotapeprojects.com\/en\/cookies\/\" \/>\n<meta property=\"og:site_name\" content=\"jotajotape projects\" \/>\n<meta property=\"article:modified_time\" content=\"2021-01-27T10:51:14+00:00\" \/>\n<meta name=\"twitter:card\" content=\"summary_large_image\" \/>\n<script type=\"application\/ld+json\" class=\"yoast-schema-graph\">{\"@context\":\"https:\/\/schema.org\",\"@graph\":[{\"@type\":\"WebPage\",\"@id\":\"https:\/\/jotajotapeprojects.com\/en\/cookies\/\",\"url\":\"https:\/\/jotajotapeprojects.com\/en\/cookies\/\",\"name\":\"Cookies - jotajotape projects\",\"isPartOf\":{\"@id\":\"https:\/\/jotajotapeprojects.com\/en\/#website\"},\"datePublished\":\"2020-11-25T09:02:52+00:00\",\"dateModified\":\"2021-01-27T10:51:14+00:00\",\"breadcrumb\":{\"@id\":\"https:\/\/jotajotapeprojects.com\/en\/cookies\/#breadcrumb\"},\"inLanguage\":\"es\",\"potentialAction\":[{\"@type\":\"ReadAction\",\"target\":[\"https:\/\/jotajotapeprojects.com\/en\/cookies\/\"]}]},{\"@type\":\"BreadcrumbList\",\"@id\":\"https:\/\/jotajotapeprojects.com\/en\/cookies\/#breadcrumb\",\"itemListElement\":[{\"@type\":\"ListItem\",\"position\":1,\"name\":\"Portada\",\"item\":\"https:\/\/jotajotapeprojects.com\/en\/\"},{\"@type\":\"ListItem\",\"position\":2,\"name\":\"Cookies\"}]},{\"@type\":\"WebSite\",\"@id\":\"https:\/\/jotajotapeprojects.com\/en\/#website\",\"url\":\"https:\/\/jotajotapeprojects.com\/en\/\",\"name\":\"jotajotape projects\",\"description\":\"Endless Space Solutions for Interior Design Professionals\",\"potentialAction\":[{\"@type\":\"SearchAction\",\"target\":{\"@type\":\"EntryPoint\",\"urlTemplate\":\"https:\/\/jotajotapeprojects.com\/en\/?s={search_term_string}\"},\"query-input\":\"required name=search_term_string\"}],\"inLanguage\":\"es\"}]}<\/script>\n<!-- \/ Yoast SEO plugin. -->","yoast_head_json":{"title":"Cookies - jotajotape projects","robots":{"index":"noindex","follow":"nofollow"},"og_locale":"es_ES","og_type":"article","og_title":"Cookies - jotajotape projects","og_description":"Cookies","og_url":"https:\/\/jotajotapeprojects.com\/en\/cookies\/","og_site_name":"jotajotape projects","article_modified_time":"2021-01-27T10:51:14+00:00","twitter_card":"summary_large_image","schema":{"@context":"https:\/\/schema.org","@graph":[{"@type":"WebPage","@id":"https:\/\/jotajotapeprojects.com\/en\/cookies\/","url":"https:\/\/jotajotapeprojects.com\/en\/cookies\/","name":"Cookies - jotajotape projects","isPartOf":{"@id":"https:\/\/jotajotapeprojects.com\/en\/#website"},"datePublished":"2020-11-25T09:02:52+00:00","dateModified":"2021-01-27T10:51:14+00:00","breadcrumb":{"@id":"https:\/\/jotajotapeprojects.com\/en\/cookies\/#breadcrumb"},"inLanguage":"es","potentialAction":[{"@type":"ReadAction","target":["https:\/\/jotajotapeprojects.com\/en\/cookies\/"]}]},{"@type":"BreadcrumbList","@id":"https:\/\/jotajotapeprojects.com\/en\/cookies\/#breadcrumb","itemListElement":[{"@type":"ListItem","position":1,"name":"Portada","item":"https:\/\/jotajotapeprojects.com\/en\/"},{"@type":"ListItem","position":2,"name":"Cookies"}]},{"@type":"WebSite","@id":"https:\/\/jotajotapeprojects.com\/en\/#website","url":"https:\/\/jotajotapeprojects.com\/en\/","name":"jotajotape projects","description":"Endless Space Solutions for Interior Design Professionals","potentialAction":[{"@type":"SearchAction","target":{"@type":"EntryPoint","urlTemplate":"https:\/\/jotajotapeprojects.com\/en\/?s={search_term_string}"},"query-input":"required name=search_term_string"}],"inLanguage":"es"}]}},"_links":{"self":[{"href":"https:\/\/jotajotapeprojects.com\/en\/wp-json\/wp\/v2\/pages\/47"}],"collection":[{"href":"https:\/\/jotajotapeprojects.com\/en\/wp-json\/wp\/v2\/pages"}],"about":[{"href":"https:\/\/jotajotapeprojects.com\/en\/wp-json\/wp\/v2\/types\/page"}],"author":[{"embeddable":true,"href":"https:\/\/jotajotapeprojects.com\/en\/wp-json\/wp\/v2\/users\/1"}],"replies":[{"embeddable":true,"href":"https:\/\/jotajotapeprojects.com\/en\/wp-json\/wp\/v2\/comments?post=47"}],"version-history":[{"count":8,"href":"https:\/\/jotajotapeprojects.com\/en\/wp-json\/wp\/v2\/pages\/47\/revisions"}],"predecessor-version":[{"id":224548,"href":"https:\/\/jotajotapeprojects.com\/en\/wp-json\/wp\/v2\/pages\/47\/revisions\/224548"}],"wp:attachment":[{"href":"https:\/\/jotajotapeprojects.com\/en\/wp-json\/wp\/v2\/media?parent=47"}],"curies":[{"name":"wp","href":"https:\/\/api.w.org\/{rel}","templated":true}]}}